{"id":5585,"date":"2018-02-20T14:17:37","date_gmt":"2018-02-20T19:17:37","guid":{"rendered":"https:\/\/chalets.ca\/?page_id=5585"},"modified":"2024-12-09T01:57:35","modified_gmt":"2024-12-09T06:57:35","slug":"activites-de-printemps-et-ete-a-laurentides","status":"publish","type":"page","link":"https:\/\/chalets.ca\/fr\/activites-de-printemps-et-ete-a-laurentides\/","title":{"rendered":"Activit\u00e9s de printemps et \u00e9t\u00e9 \u00e0 laurentides"},"content":{"rendered":"<p>&#8220;Une v\u00e9ritable exp\u00e9rience des Laurentides&#8221; Nos activit\u00e9s et installations printemps\/\u00e9t\u00e9 Acc\u00e8s aux installations \u2013 sur place Gratuit pour les r\u00e9sidents de nos chalets Les r\u00e9sidents de nos chalets ont acc\u00e8s gratuitement aux installations\u00a0: Plage * Vous pouvez  <a href=\"https:\/\/chalets.ca\/fr\/activites-de-printemps-et-ete-a-laurentides\/\" title=\"Read more on Activit\u00e9s de printemps et \u00e9t\u00e9 \u00e0 laurentides\" class=\"more-link\">read more<\/a><\/p>\n","protected":false},"excerpt":{"rendered":"<p>&#8220;Une v\u00e9ritable exp\u00e9rience des Laurentides&#8221; Nos activit\u00e9s et installations printemps\/\u00e9t\u00e9 Acc\u00e8s aux installations \u2013 sur place Gratuit pour les r\u00e9sidents de nos chalets Les r\u00e9sidents de nos chalets ont acc\u00e8s gratuitement aux installations\u00a0: Plage * Vous pouvez read more<\/p>\n","protected":false},"author":1,"featured_media":0,"parent":0,"menu_order":0,"comment_status":"closed","ping_status":"closed","template":"","meta":{"footnotes":""},"class_list":["post-5585","page","type-page","status-publish","hentry","no-thumb"],"_links":{"self":[{"href":"https:\/\/chalets.ca\/fr\/wp-json\/wp\/v2\/pages\/5585","targetHints":{"allow":["GET"]}}],"collection":[{"href":"https:\/\/chalets.ca\/fr\/wp-json\/wp\/v2\/pages"}],"about":[{"href":"https:\/\/chalets.ca\/fr\/wp-json\/wp\/v2\/types\/page"}],"author":[{"embeddable":true,"href":"https:\/\/chalets.ca\/fr\/wp-json\/wp\/v2\/users\/1"}],"replies":[{"embeddable":true,"href":"https:\/\/chalets.ca\/fr\/wp-json\/wp\/v2\/comments?post=5585"}],"version-history":[{"count":40,"href":"https:\/\/chalets.ca\/fr\/wp-json\/wp\/v2\/pages\/5585\/revisions"}],"predecessor-version":[{"id":6426,"href":"https:\/\/chalets.ca\/fr\/wp-json\/wp\/v2\/pages\/5585\/revisions\/6426"}],"wp:attachment":[{"href":"https:\/\/chalets.ca\/fr\/wp-json\/wp\/v2\/media?parent=5585"}],"curies":[{"name":"wp","href":"https:\/\/api.w.org\/{rel}","templated":true}]}}