{"id":3465,"date":"2017-04-27T20:35:38","date_gmt":"2017-04-27T18:35:38","guid":{"rendered":"http:\/\/chalets.ca\/?page_id=3465\/"},"modified":"2024-12-09T02:15:23","modified_gmt":"2024-12-09T07:15:23","slug":"envoyez-nous-votre-histoire","status":"publish","type":"page","link":"https:\/\/chalets.ca\/fr\/contact-location-chalets-laurentides\/envoyez-nous-votre-histoire\/","title":{"rendered":"Envoyez nous votre histoire"},"content":{"rendered":"<p>T\u00e9moignage Partagez votre exp\u00e9rience Veuillez nous \u00e9valuer et partager votre histoire en remplissant le formulaire ci-dessous.<\/p>\n","protected":false},"excerpt":{"rendered":"<p>T\u00e9moignage Partagez votre exp\u00e9rience Veuillez nous \u00e9valuer et partager votre histoire en remplissant le formulaire ci-dessous.<\/p>\n","protected":false},"author":1,"featured_media":0,"parent":1871,"menu_order":0,"comment_status":"closed","ping_status":"closed","template":"","meta":{"footnotes":""},"class_list":["post-3465","page","type-page","status-publish","hentry","no-thumb"],"_links":{"self":[{"href":"https:\/\/chalets.ca\/fr\/wp-json\/wp\/v2\/pages\/3465","targetHints":{"allow":["GET"]}}],"collection":[{"href":"https:\/\/chalets.ca\/fr\/wp-json\/wp\/v2\/pages"}],"about":[{"href":"https:\/\/chalets.ca\/fr\/wp-json\/wp\/v2\/types\/page"}],"author":[{"embeddable":true,"href":"https:\/\/chalets.ca\/fr\/wp-json\/wp\/v2\/users\/1"}],"replies":[{"embeddable":true,"href":"https:\/\/chalets.ca\/fr\/wp-json\/wp\/v2\/comments?post=3465"}],"version-history":[{"count":12,"href":"https:\/\/chalets.ca\/fr\/wp-json\/wp\/v2\/pages\/3465\/revisions"}],"predecessor-version":[{"id":6441,"href":"https:\/\/chalets.ca\/fr\/wp-json\/wp\/v2\/pages\/3465\/revisions\/6441"}],"up":[{"embeddable":true,"href":"https:\/\/chalets.ca\/fr\/wp-json\/wp\/v2\/pages\/1871"}],"wp:attachment":[{"href":"https:\/\/chalets.ca\/fr\/wp-json\/wp\/v2\/media?parent=3465"}],"curies":[{"name":"wp","href":"https:\/\/api.w.org\/{rel}","templated":true}]}}