{"id":3182,"date":"2017-04-27T20:13:18","date_gmt":"2017-04-28T00:13:18","guid":{"rendered":"http:\/\/chalets.ca\/?page_id=3182\/"},"modified":"2024-12-09T01:39:48","modified_gmt":"2024-12-09T06:39:48","slug":"la-region-laurentides","status":"publish","type":"page","link":"https:\/\/chalets.ca\/fr\/activites\/la-region-laurentides\/","title":{"rendered":"La r\u00e9gion"},"content":{"rendered":"<p>&#8220;Une v\u00e9ritable exp\u00e9rience des Laurentides&#8221; La r\u00e9gion La r\u00e9gion des Laurentides et ses activit\u00e9s &nbsp; &nbsp; R\u00e9gion vaste et chaleureuse, territoire privil\u00e9gi\u00e9 des vacanciers, les Laurentides, \u00e0 45 minutes de Montr\u00e9al, constituent une destination touristiqu <a href=\"https:\/\/chalets.ca\/fr\/activites\/la-region-laurentides\/\" title=\"Read more on La r\u00e9gion\" class=\"more-link\">read more<\/a><\/p>\n","protected":false},"excerpt":{"rendered":"<p>&#8220;Une v\u00e9ritable exp\u00e9rience des Laurentides&#8221; La r\u00e9gion La r\u00e9gion des Laurentides et ses activit\u00e9s &nbsp; &nbsp; R\u00e9gion vaste et chaleureuse, territoire privil\u00e9gi\u00e9 des vacanciers, les Laurentides, \u00e0 45 minutes de Montr\u00e9al, constituent une destination touristiqu read more<\/p>\n","protected":false},"author":1,"featured_media":0,"parent":1869,"menu_order":0,"comment_status":"closed","ping_status":"closed","template":"","meta":{"footnotes":""},"class_list":["post-3182","page","type-page","status-publish","hentry","no-thumb"],"_links":{"self":[{"href":"https:\/\/chalets.ca\/fr\/wp-json\/wp\/v2\/pages\/3182","targetHints":{"allow":["GET"]}}],"collection":[{"href":"https:\/\/chalets.ca\/fr\/wp-json\/wp\/v2\/pages"}],"about":[{"href":"https:\/\/chalets.ca\/fr\/wp-json\/wp\/v2\/types\/page"}],"author":[{"embeddable":true,"href":"https:\/\/chalets.ca\/fr\/wp-json\/wp\/v2\/users\/1"}],"replies":[{"embeddable":true,"href":"https:\/\/chalets.ca\/fr\/wp-json\/wp\/v2\/comments?post=3182"}],"version-history":[{"count":11,"href":"https:\/\/chalets.ca\/fr\/wp-json\/wp\/v2\/pages\/3182\/revisions"}],"predecessor-version":[{"id":6424,"href":"https:\/\/chalets.ca\/fr\/wp-json\/wp\/v2\/pages\/3182\/revisions\/6424"}],"up":[{"embeddable":true,"href":"https:\/\/chalets.ca\/fr\/wp-json\/wp\/v2\/pages\/1869"}],"wp:attachment":[{"href":"https:\/\/chalets.ca\/fr\/wp-json\/wp\/v2\/media?parent=3182"}],"curies":[{"name":"wp","href":"https:\/\/api.w.org\/{rel}","templated":true}]}}