{"id":1871,"date":"2017-02-28T23:12:47","date_gmt":"2017-03-01T04:12:47","guid":{"rendered":"http:\/\/chalets.ca\/?page_id=1871"},"modified":"2024-12-09T02:10:39","modified_gmt":"2024-12-09T07:10:39","slug":"contact-location-chalets-laurentides","status":"publish","type":"page","link":"https:\/\/chalets.ca\/fr\/contact-location-chalets-laurentides\/","title":{"rendered":"Contact"},"content":{"rendered":"<p>Contactez-nous Chalets Chanteclair 2325, route 117 Val-David Quebec, Canada J0T 2N0 Contactez nous pour louer le chalet parfait pour vous! Chalets Chanteclair R\u00e9servation en ligne ou par t\u00e9l\u00e9phone. Notre bureau n\u2019est pas ouvert pour la client\u00e8le. Merci de votre compr\u00e9he <a href=\"https:\/\/chalets.ca\/fr\/contact-location-chalets-laurentides\/\" title=\"Read more on Contact\" class=\"more-link\">read more<\/a><\/p>\n","protected":false},"excerpt":{"rendered":"<p>Contactez-nous Chalets Chanteclair 2325, route 117 Val-David Quebec, Canada J0T 2N0 Contactez nous pour louer le chalet parfait pour vous! Chalets Chanteclair R\u00e9servation en ligne ou par t\u00e9l\u00e9phone. Notre bureau n\u2019est pas ouvert pour la client\u00e8le. Merci de votre compr\u00e9he read more<\/p>\n","protected":false},"author":1,"featured_media":0,"parent":0,"menu_order":0,"comment_status":"closed","ping_status":"closed","template":"","meta":{"footnotes":""},"class_list":["post-1871","page","type-page","status-publish","hentry","no-thumb"],"_links":{"self":[{"href":"https:\/\/chalets.ca\/fr\/wp-json\/wp\/v2\/pages\/1871","targetHints":{"allow":["GET"]}}],"collection":[{"href":"https:\/\/chalets.ca\/fr\/wp-json\/wp\/v2\/pages"}],"about":[{"href":"https:\/\/chalets.ca\/fr\/wp-json\/wp\/v2\/types\/page"}],"author":[{"embeddable":true,"href":"https:\/\/chalets.ca\/fr\/wp-json\/wp\/v2\/users\/1"}],"replies":[{"embeddable":true,"href":"https:\/\/chalets.ca\/fr\/wp-json\/wp\/v2\/comments?post=1871"}],"version-history":[{"count":53,"href":"https:\/\/chalets.ca\/fr\/wp-json\/wp\/v2\/pages\/1871\/revisions"}],"predecessor-version":[{"id":6437,"href":"https:\/\/chalets.ca\/fr\/wp-json\/wp\/v2\/pages\/1871\/revisions\/6437"}],"wp:attachment":[{"href":"https:\/\/chalets.ca\/fr\/wp-json\/wp\/v2\/media?parent=1871"}],"curies":[{"name":"wp","href":"https:\/\/api.w.org\/{rel}","templated":true}]}}