{"id":1861,"date":"2017-02-28T23:09:11","date_gmt":"2017-02-28T22:09:11","guid":{"rendered":"http:\/\/chalets.ca\/?page_id=1861"},"modified":"2024-12-09T01:14:19","modified_gmt":"2024-12-09T06:14:19","slug":"chalets-2","status":"publish","type":"page","link":"https:\/\/chalets.ca\/fr\/chalets-2\/","title":{"rendered":"Chalets"},"content":{"rendered":"<p>\u201cChez-Vous\u201d, loin de chez vous Nos chalets D\u00e9couvrez nos chalets \u00e0 louer Chalets Chanteclair vous offre la location de Chalets Suisse quatre \u00e9toiles dans la r\u00e9gion des Laurentides, Qu\u00e9bec. Venez nous voir&#8230; en toutes saisons! Nos chalets en location sont \u00e9quip\u00e9s de <a href=\"https:\/\/chalets.ca\/fr\/chalets-2\/\" title=\"Read more on Chalets\" class=\"more-link\">read more<\/a><\/p>\n","protected":false},"excerpt":{"rendered":"<p>\u201cChez-Vous\u201d, loin de chez vous Nos chalets D\u00e9couvrez nos chalets \u00e0 louer Chalets Chanteclair vous offre la location de Chalets Suisse quatre \u00e9toiles dans la r\u00e9gion des Laurentides, Qu\u00e9bec. Venez nous voir&#8230; en toutes saisons! Nos chalets en location sont \u00e9quip\u00e9s de read more<\/p>\n","protected":false},"author":1,"featured_media":0,"parent":0,"menu_order":0,"comment_status":"closed","ping_status":"closed","template":"","meta":{"footnotes":""},"class_list":["post-1861","page","type-page","status-publish","hentry","no-thumb"],"_links":{"self":[{"href":"https:\/\/chalets.ca\/fr\/wp-json\/wp\/v2\/pages\/1861","targetHints":{"allow":["GET"]}}],"collection":[{"href":"https:\/\/chalets.ca\/fr\/wp-json\/wp\/v2\/pages"}],"about":[{"href":"https:\/\/chalets.ca\/fr\/wp-json\/wp\/v2\/types\/page"}],"author":[{"embeddable":true,"href":"https:\/\/chalets.ca\/fr\/wp-json\/wp\/v2\/users\/1"}],"replies":[{"embeddable":true,"href":"https:\/\/chalets.ca\/fr\/wp-json\/wp\/v2\/comments?post=1861"}],"version-history":[{"count":21,"href":"https:\/\/chalets.ca\/fr\/wp-json\/wp\/v2\/pages\/1861\/revisions"}],"predecessor-version":[{"id":6414,"href":"https:\/\/chalets.ca\/fr\/wp-json\/wp\/v2\/pages\/1861\/revisions\/6414"}],"wp:attachment":[{"href":"https:\/\/chalets.ca\/fr\/wp-json\/wp\/v2\/media?parent=1861"}],"curies":[{"name":"wp","href":"https:\/\/api.w.org\/{rel}","templated":true}]}}